{"id":55,"date":"2026-05-11T06:01:52","date_gmt":"2026-05-11T06:01:52","guid":{"rendered":"https:\/\/software.codepusher.dk\/?page_id=55"},"modified":"2026-05-11T06:16:44","modified_gmt":"2026-05-11T06:16:44","slug":"velkommen-til-min-digitale-vaerktoejskasse","status":"publish","type":"page","link":"https:\/\/software.codepusher.dk\/","title":{"rendered":"Velkommen til min digitale v\u00e6rkt\u00f8jskasse"},"content":{"rendered":"\n<p>Hej \u2013 jeg hedder Kim Domino Evers, og jeg har arbejdet med webudvikling, automation og digitale l\u00f8sninger i mange \u00e5r. Gennem tiden har jeg samlet et hav af plugins, snippets, sm\u00e5 v\u00e6rkt\u00f8jer og kode-eksempler, som har gjort hverdagen lettere \u2013 b\u00e5de for mig selv og for andre udviklere.<\/p>\n\n\n\n<p>Denne hjemmeside er mit personlige bibliotek og legeplads for alt det, jeg har bygget, optimeret og gemt gennem \u00e5rene. Her finder du alt fra simple kode-snippets og smarte funktioner til komplette plugins og v\u00e6rkt\u00f8jer, der kan spare tid og g\u00f8re udviklingen mere effektiv.<\/p>\n\n\n\n<p>Mit fokus er at skabe l\u00f8sninger, der er enkle at bruge, hurtige at implementere og nemme at bygge videre p\u00e5. Uanset om du arbejder med WordPress, frontend, backend eller generel webudvikling, er m\u00e5let, at du hurtigt kan finde inspiration eller noget, du kan bruge direkte i dine egne projekter.<\/p>\n\n\n\n<h2 class=\"wp-block-heading\">Hvad du finder her<\/h2>\n\n\n\n<ul class=\"wp-block-list\">\n<li>Plugins og udvidelser til webprojekter<\/li>\n\n\n\n<li>Genbrugelige kode-snippets<\/li>\n\n\n\n<li>Automatisering og smarte workflows<\/li>\n\n\n\n<li>Tips, tricks og udvikler-v\u00e6rkt\u00f8jer<\/li>\n\n\n\n<li>Eksperimenter og sm\u00e5 projekter fra hverdagen som udvikler<\/li>\n<\/ul>\n\n\n\n<p>Jeg elsker at bygge ting, der g\u00f8r arbejdet hurtigere, smartere og mere fleksibelt \u2013 og denne side er stedet, hvor jeg deler det hele.<\/p>\n\n\n\n<p>Hvis du vil vide mere om mig og mine projekter, kan du bes\u00f8ge <a href=\"https:\/\/codepusher.dk\/?utm_source=chatgpt.com\" target=\"_blank\" rel=\"noreferrer noopener\">CodePusher<\/a>.<\/p>\n\n\n\n<div style=\"height:100px\" aria-hidden=\"true\" class=\"wp-block-spacer\"><\/div>\n\n\n\n<h2 class=\"wp-block-heading\">Nyeste koder<\/h2>\n\n\n<ul class=\"wp-block-latest-posts__list has-dates has-author wp-block-latest-posts\"><li><a class=\"wp-block-latest-posts__post-title\" href=\"https:\/\/software.codepusher.dk\/index.php\/2026\/05\/11\/woocommerce-order-sql-merge\/\">WooCommerce Order SQL Merge<\/a><div class=\"wp-block-latest-posts__post-author\">af Kim Domino Evers<\/div><time datetime=\"2026-05-11T05:33:35+00:00\" class=\"wp-block-latest-posts__post-date\">11. maj 2026<\/time><div class=\"wp-block-latest-posts__post-excerpt\">Intro WooCommerce Order SQL Merge er et avanceret WordPress-plugin udviklet til sikker eksport og import af WooCommerce-ordrer \u2013 uden at \u00e6ndre de originale ordre-ID\u2019er. Pluginet er udviklet til situationer hvor man arbejder med: Normale WooCommerce import\/export plugins opretter typisk nye ordrer med nye ordre-ID\u2019er. Dette plugin arbejder derimod direkte med SQL-data, s\u00e5 eksisterende ordre-ID\u2019er bevares\u2026 <a class=\"wp-block-latest-posts__read-more\" href=\"https:\/\/software.codepusher.dk\/index.php\/2026\/05\/11\/woocommerce-order-sql-merge\/\" rel=\"noopener noreferrer\">L\u00e6s mere<span class=\"screen-reader-text\">: WooCommerce Order SQL Merge<\/span><\/a><\/div><\/li>\n<\/ul>","protected":false},"excerpt":{"rendered":"<p>Hej \u2013 jeg hedder Kim Domino Evers, og jeg har arbejdet med webudvikling, automation og digitale l\u00f8sninger i mange \u00e5r. Gennem tiden har jeg samlet et hav af plugins, snippets, sm\u00e5 v\u00e6rkt\u00f8jer og kode-eksempler, som har gjort hverdagen lettere \u2013 b\u00e5de for mig selv og for andre udviklere. Denne hjemmeside er mit personlige bibliotek og [&hellip;]<\/p>\n","protected":false},"author":2,"featured_media":0,"parent":0,"menu_order":0,"comment_status":"closed","ping_status":"closed","template":"","meta":{"footnotes":""},"class_list":["post-55","page","type-page","status-publish","hentry"],"_links":{"self":[{"href":"https:\/\/software.codepusher.dk\/index.php\/wp-json\/wp\/v2\/pages\/55","targetHints":{"allow":["GET"]}}],"collection":[{"href":"https:\/\/software.codepusher.dk\/index.php\/wp-json\/wp\/v2\/pages"}],"about":[{"href":"https:\/\/software.codepusher.dk\/index.php\/wp-json\/wp\/v2\/types\/page"}],"author":[{"embeddable":true,"href":"https:\/\/software.codepusher.dk\/index.php\/wp-json\/wp\/v2\/users\/2"}],"replies":[{"embeddable":true,"href":"https:\/\/software.codepusher.dk\/index.php\/wp-json\/wp\/v2\/comments?post=55"}],"version-history":[{"count":8,"href":"https:\/\/software.codepusher.dk\/index.php\/wp-json\/wp\/v2\/pages\/55\/revisions"}],"predecessor-version":[{"id":75,"href":"https:\/\/software.codepusher.dk\/index.php\/wp-json\/wp\/v2\/pages\/55\/revisions\/75"}],"wp:attachment":[{"href":"https:\/\/software.codepusher.dk\/index.php\/wp-json\/wp\/v2\/media?parent=55"}],"curies":[{"name":"wp","href":"https:\/\/api.w.org\/{rel}","templated":true}]}}